{"id":447,"date":"2019-07-02T17:04:12","date_gmt":"2019-07-02T15:04:12","guid":{"rendered":"http:\/\/bisson-bruneel-wp.bast\/?page_id=447"},"modified":"2025-10-20T11:34:31","modified_gmt":"2025-10-20T09:34:31","slug":"a-propos","status":"publish","type":"page","link":"https:\/\/bisson-bruneel.com\/en\/a-propos\/","title":{"rendered":"About us"},"content":{"rendered":"\t<div class=\"block__photo qdr_block\">\n\n\t\t\n\t\t\t\t\t<div class=\"container img_cnt\">\n\t\t\t\t\t\t<div class=\"img medium\">\n\t\t\t\t\t<img decoding=\"async\" src=\"https:\/\/bisson-bruneel.com\/wp-content\/uploads\/2020\/02\/YANNJEROME-960x640.jpg\" srcset=\"https:\/\/bisson-bruneel.com\/wp-content\/uploads\/2020\/02\/YANNJEROME-960x640.jpg 960w, https:\/\/bisson-bruneel.com\/wp-content\/uploads\/2020\/02\/YANNJEROME-300x200.jpg 300w, https:\/\/bisson-bruneel.com\/wp-content\/uploads\/2020\/02\/YANNJEROME-1920x1280.jpg 1920w\" sizes=\"(max-width: 2000w) 100vw, 2000w\" alt=\"\">\n\t\t\t\t<\/div>\n\t\t\t<\/div>\n\n\t\t\t<\/div>\n\n\n\n<div class=\"block__text qdr_block\">\n\t<div class=\"container\">\n\t\t\t\t\t<h2 class=\"title\">Half a century of family creation<\/h2>\n\t\t\t\t\t\t\t<div class=\"content\"><p>Bisson-Bruneel is an editor of contemporary furnishing fabrics.<\/p>\n<p>As a Lyon-based brand launched over 60 years agoby Fran\u00e7ois Bruneel, its strength lies in its capacityof renewing itself and innovating, and being true toits DNA: being contemporary.<\/p>\n<p>Today, Yann and Jerome Bruneel, two brothers that perpetuate the history of this family-owned company,contribute their passion and creativity to theircustomers\u2019 textile projects.<\/p>\n<p>More than just elements of decoration, BissonBruneel designs fabrics that act as architectural details and materials that create space and enhance light.<\/p>\n<\/div>\n\t\t\t<\/div>\n<\/div>\n\n\t<div class=\"block__photo qdr_block\">\n\n\t\t\n\t\t\t\t\t<div class=\"container img_cnt\">\n\t\t\t\t\t\t<div class=\"img medium\">\n\t\t\t\t\t<img decoding=\"async\" src=\"https:\/\/bisson-bruneel.com\/wp-content\/uploads\/2020\/12\/SAGA-BB-DOMODECO-2020-e1736798011914.jpg\" srcset=\"\" sizes=\"(max-width: 2000w) 100vw, 2000w\" alt=\"\">\n\t\t\t\t<\/div>\n\t\t\t<\/div>\n\n\t\t\t\t\t<div class=\"container\">\n\t\t\t\t<div class=\"comment\">Fran\u00e7ois Bruneel fondateur de Bisson Bruneel accompagn\u00e9 de ses fils J\u00e9r\u00f4me et Yann<\/div>\n\t\t\t<\/div>\n\t\t\t<\/div>\n\n\n\n<div class=\"block__text qdr_block\">\n\t<div class=\"container\">\n\t\t\t\t\t<h2 class=\"title\">Passion for Materials<\/h2>\n\t\t\t\t\t\t\t<div class=\"content\"><p>Over several years, Bisson-Bruneel has been using high-end natural materials such as linen and wool, original ones such as Alapaca, horsehair and copper, and involved in the innovation of textile products that combine fabric and glass, the range FUSION.<\/p>\n<\/div>\n\t\t\t<\/div>\n<\/div>\n\n\t<div class=\"block__carousel qdr_block\">\n\t\t\t\t\t\t\t<div class=\"item_wrapper\">\n\t\t\t\t<div class=\"item_container\">\n\t\t\t\t\t\t\t\t\t\t\t\t\t\t\t\t\t\t\t\t\t\t\t\t<div class=\"item\" \n\t\t\t\t\t\t\t\tdata-id=\"0\" \n\t\t\t\t\t\t\t\tdata-comment=\"\"\n\t\t\t\t\t\t\t\tdata-zoom=\"https:\/\/bisson-bruneel.com\/wp-content\/uploads\/2020\/12\/CHALET-SITE.jpg\"\n\t\t\t\t\t\t\t\tdata-orientation=\"lan\"\n\t\t\t\t\t\t\t>\n\t\t\t\t\t\t\t\t<div class=\"img_container\">\n\t\t\t\t\t\t\t\t\t<img decoding=\"async\" class=\"img lan\"  src=\"https:\/\/bisson-bruneel.com\/wp-content\/uploads\/2020\/12\/CHALET-SITE-960x645.jpg\" draggable=\"false\" loading=\"lazy\" srcset=\"https:\/\/bisson-bruneel.com\/wp-content\/uploads\/2020\/12\/CHALET-SITE-960x645.jpg 960w, https:\/\/bisson-bruneel.com\/wp-content\/uploads\/2020\/12\/CHALET-SITE-1536x1032.jpg 1536w, https:\/\/bisson-bruneel.com\/wp-content\/uploads\/2020\/12\/CHALET-SITE-300x202.jpg 300w, https:\/\/bisson-bruneel.com\/wp-content\/uploads\/2020\/12\/CHALET-SITE.jpg 1800w\" sizes=\"(max-width:960px) 100vw, 960px\">\t\t\t\t\t\t\t\t<\/div>\n\t\t\t\t\t\t\t<\/div>\n\t\t\t\t\t\t\t\t\t\t\t\t\t\t\t\t\t\t\t\t\t\t\t\t\t\t\t\t\t\t\t\t\t\t\t\t\t<div class=\"item\" \n\t\t\t\t\t\t\t\tdata-id=\"1\" \n\t\t\t\t\t\t\t\tdata-comment=\"\"\n\t\t\t\t\t\t\t\tdata-zoom=\"https:\/\/bisson-bruneel.com\/wp-content\/uploads\/2020\/12\/MARINE-ET-AUDREY-SITE.jpg\"\n\t\t\t\t\t\t\t\tdata-orientation=\"lan\"\n\t\t\t\t\t\t\t>\n\t\t\t\t\t\t\t\t<div class=\"img_container\">\n\t\t\t\t\t\t\t\t\t<img decoding=\"async\" class=\"img lan\"  src=\"https:\/\/bisson-bruneel.com\/wp-content\/uploads\/2020\/12\/MARINE-ET-AUDREY-SITE-960x640.jpg\" draggable=\"false\" loading=\"lazy\" srcset=\"https:\/\/bisson-bruneel.com\/wp-content\/uploads\/2020\/12\/MARINE-ET-AUDREY-SITE-960x640.jpg 960w, https:\/\/bisson-bruneel.com\/wp-content\/uploads\/2020\/12\/MARINE-ET-AUDREY-SITE-1536x1024.jpg 1536w, https:\/\/bisson-bruneel.com\/wp-content\/uploads\/2020\/12\/MARINE-ET-AUDREY-SITE-300x200.jpg 300w, https:\/\/bisson-bruneel.com\/wp-content\/uploads\/2020\/12\/MARINE-ET-AUDREY-SITE.jpg 1800w\" sizes=\"(max-width:960px) 100vw, 960px\">\t\t\t\t\t\t\t\t<\/div>\n\t\t\t\t\t\t\t<\/div>\n\t\t\t\t\t\t\t\t\t\t\t\t\t\t\t\t\t\t\t\t\t\t<\/div>\n\t\t\t\t<div class=\"comment_container\"><\/div>\n\t\t\t\t<div class=\"nav_container\">\n\t\t\t\t\t<div class=\"prev\"><\/div>\n\t\t\t\t\t<div class=\"next\"><\/div>\n\t\t\t\t<\/div>\n\t\t\t<\/div>\n\t\t\t<div class=\"counter_container\">\n\t\t\t\t<div class=\"current\"><\/div>&nbsp;\u2014&nbsp;\n\t\t\t\t<div class=\"total\"><\/div>\n\t\t\t<\/div>\n\t\t\t<div class=\"zoom_button\"><\/div>\n\t\t\t<\/div>\n\n\n\n<div class=\"block__embedded qdr_block\">\n\t<div class=\"container\">\n\t\t\t\t\t<h2 class=\"title\">Bisson Bruneel on video<\/h2>\n\t\t\t\t\t\t\t<div class=\"media\"><iframe loading=\"lazy\" src=\"https:\/\/player.vimeo.com\/video\/99312699\" width=\"1200\" height=\"675\" frameborder=\"0\" allow=\"autoplay; fullscreen\" allowfullscreen><\/iframe><\/div>\n\t\t\t<\/div>\n<\/div>","protected":false},"excerpt":{"rendered":"","protected":false},"author":1,"featured_media":0,"parent":0,"menu_order":0,"comment_status":"closed","ping_status":"closed","template":"template-master.php","meta":{"_acf_changed":false,"footnotes":""},"class_list":["post-447","page","type-page","status-publish","hentry"],"acf":[],"yoast_head":"<!-- This site is optimized with the Yoast SEO plugin v26.6 - https:\/\/yoast.com\/wordpress\/plugins\/seo\/ -->\n<title>About us | Bisson Bruneel<\/title>\n<meta name=\"robots\" content=\"index, follow, max-snippet:-1, max-image-preview:large, max-video-preview:-1\" \/>\n<link rel=\"canonical\" href=\"https:\/\/bisson-bruneel.com\/en\/a-propos\/\" \/>\n<meta property=\"og:locale\" content=\"en_US\" \/>\n<meta property=\"og:type\" content=\"article\" \/>\n<meta property=\"og:title\" content=\"About us | Bisson Bruneel\" \/>\n<meta property=\"og:url\" content=\"https:\/\/bisson-bruneel.com\/en\/a-propos\/\" \/>\n<meta property=\"og:site_name\" content=\"Bisson Bruneel\" \/>\n<meta property=\"article:modified_time\" content=\"2025-10-20T09:34:31+00:00\" \/>\n<meta name=\"twitter:card\" content=\"summary_large_image\" \/>\n<script type=\"application\/ld+json\" class=\"yoast-schema-graph\">{\"@context\":\"https:\/\/schema.org\",\"@graph\":[{\"@type\":\"WebPage\",\"@id\":\"https:\/\/bisson-bruneel.com\/en\/a-propos\/\",\"url\":\"https:\/\/bisson-bruneel.com\/en\/a-propos\/\",\"name\":\"About us | Bisson Bruneel\",\"isPartOf\":{\"@id\":\"https:\/\/bisson-bruneel.com\/#website\"},\"datePublished\":\"2019-07-02T15:04:12+00:00\",\"dateModified\":\"2025-10-20T09:34:31+00:00\",\"breadcrumb\":{\"@id\":\"https:\/\/bisson-bruneel.com\/en\/a-propos\/#breadcrumb\"},\"inLanguage\":\"en-US\",\"potentialAction\":[{\"@type\":\"ReadAction\",\"target\":[\"https:\/\/bisson-bruneel.com\/en\/a-propos\/\"]}]},{\"@type\":\"BreadcrumbList\",\"@id\":\"https:\/\/bisson-bruneel.com\/en\/a-propos\/#breadcrumb\",\"itemListElement\":[{\"@type\":\"ListItem\",\"position\":1,\"name\":\"Accueil\",\"item\":\"https:\/\/bisson-bruneel.com\/en\/\"},{\"@type\":\"ListItem\",\"position\":2,\"name\":\"About us\"}]},{\"@type\":\"WebSite\",\"@id\":\"https:\/\/bisson-bruneel.com\/#website\",\"url\":\"https:\/\/bisson-bruneel.com\/\",\"name\":\"Bisson Bruneel\",\"description\":\"Cr\u00e9ateur et \u00e9diteur de tissus d\u2019ameublement contemporain\",\"potentialAction\":[{\"@type\":\"SearchAction\",\"target\":{\"@type\":\"EntryPoint\",\"urlTemplate\":\"https:\/\/bisson-bruneel.com\/?s={search_term_string}\"},\"query-input\":{\"@type\":\"PropertyValueSpecification\",\"valueRequired\":true,\"valueName\":\"search_term_string\"}}],\"inLanguage\":\"en-US\"}]}<\/script>\n<!-- \/ Yoast SEO plugin. -->","yoast_head_json":{"title":"About us | Bisson Bruneel","robots":{"index":"index","follow":"follow","max-snippet":"max-snippet:-1","max-image-preview":"max-image-preview:large","max-video-preview":"max-video-preview:-1"},"canonical":"https:\/\/bisson-bruneel.com\/en\/a-propos\/","og_locale":"en_US","og_type":"article","og_title":"About us | Bisson Bruneel","og_url":"https:\/\/bisson-bruneel.com\/en\/a-propos\/","og_site_name":"Bisson Bruneel","article_modified_time":"2025-10-20T09:34:31+00:00","twitter_card":"summary_large_image","schema":{"@context":"https:\/\/schema.org","@graph":[{"@type":"WebPage","@id":"https:\/\/bisson-bruneel.com\/en\/a-propos\/","url":"https:\/\/bisson-bruneel.com\/en\/a-propos\/","name":"About us | Bisson Bruneel","isPartOf":{"@id":"https:\/\/bisson-bruneel.com\/#website"},"datePublished":"2019-07-02T15:04:12+00:00","dateModified":"2025-10-20T09:34:31+00:00","breadcrumb":{"@id":"https:\/\/bisson-bruneel.com\/en\/a-propos\/#breadcrumb"},"inLanguage":"en-US","potentialAction":[{"@type":"ReadAction","target":["https:\/\/bisson-bruneel.com\/en\/a-propos\/"]}]},{"@type":"BreadcrumbList","@id":"https:\/\/bisson-bruneel.com\/en\/a-propos\/#breadcrumb","itemListElement":[{"@type":"ListItem","position":1,"name":"Accueil","item":"https:\/\/bisson-bruneel.com\/en\/"},{"@type":"ListItem","position":2,"name":"About us"}]},{"@type":"WebSite","@id":"https:\/\/bisson-bruneel.com\/#website","url":"https:\/\/bisson-bruneel.com\/","name":"Bisson Bruneel","description":"Cr\u00e9ateur et \u00e9diteur de tissus d\u2019ameublement contemporain","potentialAction":[{"@type":"SearchAction","target":{"@type":"EntryPoint","urlTemplate":"https:\/\/bisson-bruneel.com\/?s={search_term_string}"},"query-input":{"@type":"PropertyValueSpecification","valueRequired":true,"valueName":"search_term_string"}}],"inLanguage":"en-US"}]}},"_links":{"self":[{"href":"https:\/\/bisson-bruneel.com\/en\/wp-json\/wp\/v2\/pages\/447","targetHints":{"allow":["GET"]}}],"collection":[{"href":"https:\/\/bisson-bruneel.com\/en\/wp-json\/wp\/v2\/pages"}],"about":[{"href":"https:\/\/bisson-bruneel.com\/en\/wp-json\/wp\/v2\/types\/page"}],"author":[{"embeddable":true,"href":"https:\/\/bisson-bruneel.com\/en\/wp-json\/wp\/v2\/users\/1"}],"replies":[{"embeddable":true,"href":"https:\/\/bisson-bruneel.com\/en\/wp-json\/wp\/v2\/comments?post=447"}],"version-history":[{"count":2,"href":"https:\/\/bisson-bruneel.com\/en\/wp-json\/wp\/v2\/pages\/447\/revisions"}],"predecessor-version":[{"id":74704,"href":"https:\/\/bisson-bruneel.com\/en\/wp-json\/wp\/v2\/pages\/447\/revisions\/74704"}],"wp:attachment":[{"href":"https:\/\/bisson-bruneel.com\/en\/wp-json\/wp\/v2\/media?parent=447"}],"curies":[{"name":"wp","href":"https:\/\/api.w.org\/{rel}","templated":true}]}}